{"id":17,"date":"2026-04-27T12:20:20","date_gmt":"2026-04-27T10:20:20","guid":{"rendered":"https:\/\/collecta.com.de\/?page_id=17"},"modified":"2026-04-27T14:31:07","modified_gmt":"2026-04-27T12:31:07","slug":"ueber-uns","status":"publish","type":"page","link":"https:\/\/collecta.com.de\/?page_id=17","title":{"rendered":"\u00dcber uns"},"content":{"rendered":"\t\t<div data-elementor-type=\"wp-page\" data-elementor-id=\"17\" class=\"elementor elementor-17\" data-elementor-post-type=\"page\">\n\t\t\t\t<div class=\"elementor-element elementor-element-afcbbff e-flex e-con-boxed e-con e-parent\" data-id=\"afcbbff\" data-element_type=\"container\" data-e-type=\"container\" data-settings=\"{&quot;background_background&quot;:&quot;classic&quot;}\">\n\t\t\t\t\t<div class=\"e-con-inner\">\n\t\t<div class=\"elementor-element elementor-element-924c331 e-con-full e-flex e-con e-child\" data-id=\"924c331\" data-element_type=\"container\" data-e-type=\"container\">\n\t\t\t\t<div class=\"elementor-element elementor-element-6192d4b elementor-widget elementor-widget-heading\" data-id=\"6192d4b\" data-element_type=\"widget\" data-e-type=\"widget\" data-widget_type=\"heading.default\">\n\t\t\t\t\t<h5 class=\"elementor-heading-title elementor-size-default\">Willkommen bei uns<\/h5>\t\t\t\t<\/div>\n\t\t\t\t<div class=\"elementor-element elementor-element-5c6ffb5 elementor-widget elementor-widget-heading\" data-id=\"5c6ffb5\" data-element_type=\"widget\" data-e-type=\"widget\" data-widget_type=\"heading.default\">\n\t\t\t\t\t<h2 class=\"elementor-heading-title elementor-size-default\">Erkunden Sie unsere Sammelfiguren<\/h2>\t\t\t\t<\/div>\n\t\t\t\t<div class=\"elementor-element elementor-element-080f2e6 elementor-widget elementor-widget-text-editor\" data-id=\"080f2e6\" data-element_type=\"widget\" data-e-type=\"widget\" data-widget_type=\"text-editor.default\">\n\t\t\t\t\t\t\t\t\t<p>Entdecken Sie vielf\u00e4ltige Informationen und Dienstleistungen rund um Ihre liebsten Sammelfiguren. Wir hei\u00dfen Sie herzlich willkommen und laden Sie ein, unsere Produkte kennenzulernen.<\/p>\t\t\t\t\t\t\t\t<\/div>\n\t\t<div class=\"elementor-element elementor-element-0ddfc1c e-con-full e-flex e-con e-child\" data-id=\"0ddfc1c\" data-element_type=\"container\" data-e-type=\"container\">\n\t\t\t\t<div class=\"elementor-element elementor-element-1d0df00 elementor-widget__width-auto elementor-mobile-align-right elementor-widget elementor-widget-button\" data-id=\"1d0df00\" data-element_type=\"widget\" data-e-type=\"widget\" data-widget_type=\"button.default\">\n\t\t\t\t\t\t\t\t\t\t<a class=\"elementor-button elementor-button-link elementor-size-sm\" href=\"#\">\n\t\t\t\t\t\t<span class=\"elementor-button-content-wrapper\">\n\t\t\t\t\t\t\t\t\t<span class=\"elementor-button-text\">Jetzt entdecken<\/span>\n\t\t\t\t\t<\/span>\n\t\t\t\t\t<\/a>\n\t\t\t\t\t\t\t\t<\/div>\n\t\t\t\t<div class=\"elementor-element elementor-element-955cf10 elementor-widget__width-auto elementor-mobile-align-right elementor-widget elementor-widget-button\" data-id=\"955cf10\" data-element_type=\"widget\" data-e-type=\"widget\" data-widget_type=\"button.default\">\n\t\t\t\t\t\t\t\t\t\t<a class=\"elementor-button elementor-button-link elementor-size-sm\" href=\"#\">\n\t\t\t\t\t\t<span class=\"elementor-button-content-wrapper\">\n\t\t\t\t\t\t\t\t\t<span class=\"elementor-button-text\">Mehr erfahren<\/span>\n\t\t\t\t\t<\/span>\n\t\t\t\t\t<\/a>\n\t\t\t\t\t\t\t\t<\/div>\n\t\t\t\t<\/div>\n\t\t\t\t<\/div>\n\t\t\t\t\t<\/div>\n\t\t\t\t<\/div>\n\t\t<div class=\"elementor-element elementor-element-4389036 e-flex e-con-boxed e-con e-parent\" data-id=\"4389036\" data-element_type=\"container\" data-e-type=\"container\">\n\t\t\t\t\t<div class=\"e-con-inner\">\n\t\t\t\t\t\t\t<h2 \n\t\tdata-interaction-id=\"832709b\" \n\t\tclass=\"e-832709b-33f1d50 e-heading-base\" \n\t\t \n\t\tdata-e-type=\"widget\" data-id=\"832709b\"\n\t>\n\t\n\t\t\t<u id=\"e-moh64h5e-9rhkzd3\">CLV GmbH \u2013 Ihr zuverl\u00e4ssiger CollectA Vertriebspartner in Deutschland<\/u>\n\t\t<\/h2>\n\t\t\t\t\t<\/div>\n\t\t\t\t<\/div>\n\t\t<div class=\"elementor-element elementor-element-c6a20b4 e-flex e-con-boxed e-con e-parent\" data-id=\"c6a20b4\" data-element_type=\"container\" data-e-type=\"container\">\n\t\t\t\t\t<div class=\"e-con-inner\">\n\t\t\t\t<div class=\"elementor-element elementor-element-549ddb2 elementor-widget elementor-widget-image\" data-id=\"549ddb2\" data-element_type=\"widget\" data-e-type=\"widget\" data-widget_type=\"image.default\">\n\t\t\t\t\t\t\t\t\t\t\t\t\t\t\t<img fetchpriority=\"high\" decoding=\"async\" width=\"2560\" height=\"1440\" src=\"https:\/\/collecta.com.de\/wp-content\/uploads\/2026\/04\/dji_fly_20250703_160938_152_1751622582582_photo-scaled.jpg\" class=\"attachment-full size-full wp-image-170\" alt=\"\" srcset=\"https:\/\/collecta.com.de\/wp-content\/uploads\/2026\/04\/dji_fly_20250703_160938_152_1751622582582_photo-scaled.jpg 2560w, https:\/\/collecta.com.de\/wp-content\/uploads\/2026\/04\/dji_fly_20250703_160938_152_1751622582582_photo-300x169.jpg 300w, https:\/\/collecta.com.de\/wp-content\/uploads\/2026\/04\/dji_fly_20250703_160938_152_1751622582582_photo-1024x576.jpg 1024w, https:\/\/collecta.com.de\/wp-content\/uploads\/2026\/04\/dji_fly_20250703_160938_152_1751622582582_photo-768x432.jpg 768w, https:\/\/collecta.com.de\/wp-content\/uploads\/2026\/04\/dji_fly_20250703_160938_152_1751622582582_photo-1536x864.jpg 1536w, https:\/\/collecta.com.de\/wp-content\/uploads\/2026\/04\/dji_fly_20250703_160938_152_1751622582582_photo-2048x1152.jpg 2048w\" sizes=\"(max-width: 2560px) 100vw, 2560px\" \/>\t\t\t\t\t\t\t\t\t\t\t\t\t\t\t<\/div>\n\t\t\t\t\t<\/div>\n\t\t\t\t<\/div>\n\t\t<div class=\"elementor-element elementor-element-0783512 e-flex e-con-boxed e-con e-parent\" data-id=\"0783512\" data-element_type=\"container\" data-e-type=\"container\">\n\t\t\t\t\t<div class=\"e-con-inner\">\n\t\t\t\t<div class=\"elementor-element elementor-element-018a5b2 elementor-widget elementor-widget-text-editor\" data-id=\"018a5b2\" data-element_type=\"widget\" data-e-type=\"widget\" data-widget_type=\"text-editor.default\">\n\t\t\t\t\t\t\t\t\t<p>Als offizieller CollectA-Vertriebspartner f\u00fcr die D-A-CH-Region sind wir stolz darauf, Ihnen einen umfassenden Service zu bieten, der auf \u00fcber 10 Jahren Erfahrung im Import-, Export- und Vertriebsgesch\u00e4ft in Deutschland basiert. Unser gro\u00dfes EU-Lager in Ottersweier (Rastatt) erstreckt sich \u00fcber mehr als 3.000 qm und erm\u00f6glicht uns, Ihnen eine breite Palette von Vorteilen anzubieten:<\/p><p>&#8211; Lukrative Handelsspannen: Profitieren Sie von attraktiven Margen, die Ihre Gewinnm\u00f6glichkeiten maximieren.<br \/>&#8211; Individuelle Konditionen: Wir passen unsere Angebote an Ihre spezifischen Bed\u00fcrfnisse und Zielm\u00e4rkte an.<br \/>&#8211; Kurze Lieferzeiten: Durch unseren zentralen Standort garantieren wir schnelle und zuverl\u00e4ssige Lieferungen, damit Sie immer gut vorbereitet sind.<br \/>&#8211; Keine Mindest-Bestellmengen: Flexibilit\u00e4t wird bei uns gro\u00dfgeschrieben \u2013 bestellen Sie genau so viel, wie Sie ben\u00f6tigen.<br \/>&#8211; Gro\u00dfes Angebot an POS-Material (kostenfrei): Nutzen Sie unser umfangreiches Sortiment an point-of-sale Materialien zur Verkaufsf\u00f6rderung, ohne zus\u00e4tzliche Kosten.<br \/>&#8211; Qualitative Beratung: Unsere Experten stehen Ihnen gerne zur Seite, um Sie bei der Sortimentsgestaltung und Verkaufsf\u00f6rderung zu unterst\u00fctzen.<\/p><p>Wir laden Sie ein, Teil unseres erfolgreichen Vertriebsnetzwerks zu werden und von den vielen Vorteilen zu profitieren, die wir als CollectA-Vertriebspartner bieten. Kontaktieren Sie uns noch heute, um mehr zu erfahren!<\/p>\t\t\t\t\t\t\t\t<\/div>\n\t\t\t\t\t<\/div>\n\t\t\t\t<\/div>\n\t\t<div class=\"elementor-element elementor-element-d1a00bd e-flex e-con-boxed e-con e-parent\" data-id=\"d1a00bd\" data-element_type=\"container\" data-e-type=\"container\" data-settings=\"{&quot;background_background&quot;:&quot;classic&quot;}\">\n\t\t\t\t\t<div class=\"e-con-inner\">\n\t\t<div class=\"elementor-element elementor-element-491be22 e-flex e-con-boxed e-con e-child\" data-id=\"491be22\" data-element_type=\"container\" data-e-type=\"container\">\n\t\t\t\t\t<div class=\"e-con-inner\">\n\t\t\t\t<div class=\"elementor-element elementor-element-e4e0ad5 elementor-widget elementor-widget-heading\" data-id=\"e4e0ad5\" data-element_type=\"widget\" data-e-type=\"widget\" data-widget_type=\"heading.default\">\n\t\t\t\t\t<h1 class=\"elementor-heading-title elementor-size-default\">Unsere Mission<\/h1>\t\t\t\t<\/div>\n\t\t\t\t<div class=\"elementor-element elementor-element-1d45ed6 elementor-widget elementor-widget-text-editor\" data-id=\"1d45ed6\" data-element_type=\"widget\" data-e-type=\"widget\" data-widget_type=\"text-editor.default\">\n\t\t\t\t\t\t\t\t\t<p class=\"isSelectedEnd\">Unsere Mission ist es, hochwertige Spielfiguren anzubieten, die Kinder und Sammler gleicherma\u00dfen begeistern. Wir m\u00f6chten die Faszination f\u00fcr Tiere, Natur und Fantasie f\u00f6rdern, indem wir detailgetreue und p\u00e4dagogisch wertvolle Figuren zug\u00e4nglich machen.<\/p><p class=\"isSelectedEnd\">Dabei legen wir gro\u00dfen Wert auf Qualit\u00e4t, Authentizit\u00e4t und Vielfalt. Jede Figur soll nicht nur zum Spielen einladen, sondern auch Wissen vermitteln und die Kreativit\u00e4t anregen. Unser Ziel ist es, Freude zu schaffen, Neugier zu wecken und kleine wie gro\u00dfe Entdecker auf ihrer Reise zu begleiten.<\/p><p>Mit Leidenschaft und Engagement bringen wir die Welt von CollectA zu Ihnen nach Hause.<\/p>\t\t\t\t\t\t\t\t<\/div>\n\t\t\t\t\t<\/div>\n\t\t\t\t<\/div>\n\t\t\t\t\t<\/div>\n\t\t\t\t<\/div>\n\t\t\t\t<\/div>\n\t\t","protected":false},"excerpt":{"rendered":"<p>Willkommen bei uns Erkunden Sie unsere Sammelfiguren Entdecken Sie vielf\u00e4ltige Informationen und Dienstleistungen rund um Ihre liebsten Sammelfiguren. Wir hei\u00dfen Sie herzlich willkommen und laden Sie ein, unsere Produkte kennenzulernen. Jetzt entdecken Mehr erfahren CLV GmbH \u2013 Ihr zuverl\u00e4ssiger CollectA Vertriebspartner in Deutschland Als offizieller CollectA-Vertriebspartner f\u00fcr die D-A-CH-Region sind wir stolz darauf, Ihnen einen [&hellip;]<\/p>\n","protected":false},"author":1,"featured_media":0,"parent":0,"menu_order":0,"comment_status":"closed","ping_status":"closed","template":"","meta":{"footnotes":""},"class_list":["post-17","page","type-page","status-publish","hentry"],"_links":{"self":[{"href":"https:\/\/collecta.com.de\/index.php?rest_route=\/wp\/v2\/pages\/17","targetHints":{"allow":["GET"]}}],"collection":[{"href":"https:\/\/collecta.com.de\/index.php?rest_route=\/wp\/v2\/pages"}],"about":[{"href":"https:\/\/collecta.com.de\/index.php?rest_route=\/wp\/v2\/types\/page"}],"author":[{"embeddable":true,"href":"https:\/\/collecta.com.de\/index.php?rest_route=\/wp\/v2\/users\/1"}],"replies":[{"embeddable":true,"href":"https:\/\/collecta.com.de\/index.php?rest_route=%2Fwp%2Fv2%2Fcomments&post=17"}],"version-history":[{"count":25,"href":"https:\/\/collecta.com.de\/index.php?rest_route=\/wp\/v2\/pages\/17\/revisions"}],"predecessor-version":[{"id":185,"href":"https:\/\/collecta.com.de\/index.php?rest_route=\/wp\/v2\/pages\/17\/revisions\/185"}],"wp:attachment":[{"href":"https:\/\/collecta.com.de\/index.php?rest_route=%2Fwp%2Fv2%2Fmedia&parent=17"}],"curies":[{"name":"wp","href":"https:\/\/api.w.org\/{rel}","templated":true}]}}