{"id":767,"date":"2026-04-01T15:21:43","date_gmt":"2026-04-01T13:21:43","guid":{"rendered":"https:\/\/collecta.com.de\/?page_id=767"},"modified":"2026-04-01T15:31:07","modified_gmt":"2026-04-01T13:31:07","slug":"die-marke-collecta","status":"publish","type":"page","link":"https:\/\/collecta.com.de\/?page_id=767","title":{"rendered":"Die Marke CollectA"},"content":{"rendered":"\t\t<div data-elementor-type=\"wp-page\" data-elementor-id=\"767\" class=\"elementor elementor-767\" data-elementor-post-type=\"page\">\n\t\t\t\t<div class=\"elementor-element elementor-element-8c247f2 e-flex e-con-boxed e-con e-parent\" data-id=\"8c247f2\" data-element_type=\"container\" data-e-type=\"container\">\n\t\t\t\t\t<div class=\"e-con-inner\">\n\t\t\t\t\t\t\t<h2 \n\t\tdata-interaction-id=\"d96c25c\" \n\t\tclass=\"e-d96c25c-9041b53 e-heading-base\" \n\t\t \n\t\tdata-e-type=\"widget\" data-id=\"d96c25c\"\n\t>\n\t\n\t\t\t<u>CollectA - Die Faszination handgefertigter Tierfiguren<\/u>\n\t\t<\/h2>\n\t\t\t\t<div class=\"elementor-element elementor-element-b79d9e9 elementor-widget elementor-widget-text-editor\" data-id=\"b79d9e9\" data-element_type=\"widget\" data-e-type=\"widget\" data-widget_type=\"text-editor.default\">\n\t\t\t\t\t\t\t\t\t<p>Heute ist CollectA eine der weltweit f\u00fchrenden Marken f\u00fcr Tierfiguren und erfreut sich in \u00fcber 40 L\u00e4ndern gro\u00dfer Beliebtheit. Das Sortiment umfasst mehr als 600 detailgenau gefertigte Tierfiguren-Modelle, die mit viel Liebe zum Detail von Hand bemalt werden. Diese au\u00dfergew\u00f6hnliche Handwerkskunst sorgt daf\u00fcr, dass jede Figur ein kleines Kunstwerk f\u00fcr sich ist.<\/p><p>Die stetig wachsende Beliebtheit von CollectA-Tierfiguren spricht f\u00fcr die hohe Qualit\u00e4t der Produkte. Sammler, Kinder und Tierliebhaber sch\u00e4tzen nicht nur das realistische Design, sondern auch die Vielfalt der dargestellten Tiere. Ob heimische Arten oder exotische Kreaturen \u2013 jede Figur spiegelt die Besonderheiten des jeweiligen Tieres wider und bietet eine wunderbare M\u00f6glichkeit, die Tierwelt zu entdecken.<\/p><p>Das kontinuierliche Interesse an CollectA zeigt, dass die Marke nicht nur den Nerv der Zeit trifft, sondern auch ein tiefes Verst\u00e4ndnis f\u00fcr die Bed\u00fcrfnisse ihrer Kunden hat. Die Kombination aus handwerklicher Fertigung, hochwertiger Verarbeitung und der Liebe zur Natur machen CollectA zu einer unverzichtbaren Marke f\u00fcr alle, die sich f\u00fcr Tierfiguren begeistern. In einer Welt, die immer digitaler wird, bleibt CollectA ein strahlendes Beispiel f\u00fcr die Sch\u00f6nheit und Wertsch\u00e4tzung von traditionellem Handwerk.<\/p>\t\t\t\t\t\t\t\t<\/div>\n\t\t<div class=\"elementor-element elementor-element-513f265 e-grid e-con-full e-con e-child\" data-id=\"513f265\" data-element_type=\"container\" data-e-type=\"container\">\n\t\t\t\t<div class=\"elementor-element elementor-element-f93b9c4 elementor-widget elementor-widget-image\" data-id=\"f93b9c4\" data-element_type=\"widget\" data-e-type=\"widget\" data-widget_type=\"image.default\">\n\t\t\t\t\t\t\t\t\t\t\t\t\t\t\t<img fetchpriority=\"high\" decoding=\"async\" width=\"525\" height=\"525\" src=\"https:\/\/collecta.com.de\/wp-content\/uploads\/2026\/03\/1-1.webp\" class=\"attachment-large size-large wp-image-108\" alt=\"\" srcset=\"https:\/\/collecta.com.de\/wp-content\/uploads\/2026\/03\/1-1.webp 1024w, https:\/\/collecta.com.de\/wp-content\/uploads\/2026\/03\/1-1-300x300.webp 300w, https:\/\/collecta.com.de\/wp-content\/uploads\/2026\/03\/1-1-150x150.webp 150w, https:\/\/collecta.com.de\/wp-content\/uploads\/2026\/03\/1-1-768x768.webp 768w\" sizes=\"100vw\" \/>\t\t\t\t\t\t\t\t\t\t\t\t\t\t\t<\/div>\n\t\t\t\t<div class=\"elementor-element elementor-element-c7c801c elementor-widget elementor-widget-image\" data-id=\"c7c801c\" data-element_type=\"widget\" data-e-type=\"widget\" data-widget_type=\"image.default\">\n\t\t\t\t\t\t\t\t\t\t\t\t\t\t\t<img decoding=\"async\" width=\"525\" height=\"525\" src=\"https:\/\/collecta.com.de\/wp-content\/uploads\/2026\/03\/2-2.webp\" class=\"attachment-large size-large wp-image-109\" alt=\"\" srcset=\"https:\/\/collecta.com.de\/wp-content\/uploads\/2026\/03\/2-2.webp 1024w, https:\/\/collecta.com.de\/wp-content\/uploads\/2026\/03\/2-2-300x300.webp 300w, https:\/\/collecta.com.de\/wp-content\/uploads\/2026\/03\/2-2-150x150.webp 150w, https:\/\/collecta.com.de\/wp-content\/uploads\/2026\/03\/2-2-768x768.webp 768w\" sizes=\"100vw\" \/>\t\t\t\t\t\t\t\t\t\t\t\t\t\t\t<\/div>\n\t\t\t\t<div class=\"elementor-element elementor-element-8c3fff7 elementor-widget elementor-widget-image\" data-id=\"8c3fff7\" data-element_type=\"widget\" data-e-type=\"widget\" data-widget_type=\"image.default\">\n\t\t\t\t\t\t\t\t\t\t\t\t\t\t\t<img decoding=\"async\" width=\"525\" height=\"525\" src=\"https:\/\/collecta.com.de\/wp-content\/uploads\/2026\/03\/3.webp\" class=\"attachment-large size-large wp-image-110\" alt=\"\" srcset=\"https:\/\/collecta.com.de\/wp-content\/uploads\/2026\/03\/3.webp 1024w, https:\/\/collecta.com.de\/wp-content\/uploads\/2026\/03\/3-300x300.webp 300w, https:\/\/collecta.com.de\/wp-content\/uploads\/2026\/03\/3-150x150.webp 150w, https:\/\/collecta.com.de\/wp-content\/uploads\/2026\/03\/3-768x768.webp 768w\" sizes=\"100vw\" \/>\t\t\t\t\t\t\t\t\t\t\t\t\t\t\t<\/div>\n\t\t\t\t<div class=\"elementor-element elementor-element-cfc4ab1 elementor-widget elementor-widget-image\" data-id=\"cfc4ab1\" data-element_type=\"widget\" data-e-type=\"widget\" data-widget_type=\"image.default\">\n\t\t\t\t\t\t\t\t\t\t\t\t\t\t\t<img loading=\"lazy\" decoding=\"async\" width=\"525\" height=\"525\" src=\"https:\/\/collecta.com.de\/wp-content\/uploads\/2026\/03\/4.webp\" class=\"attachment-large size-large wp-image-111\" alt=\"\" srcset=\"https:\/\/collecta.com.de\/wp-content\/uploads\/2026\/03\/4.webp 1024w, https:\/\/collecta.com.de\/wp-content\/uploads\/2026\/03\/4-300x300.webp 300w, https:\/\/collecta.com.de\/wp-content\/uploads\/2026\/03\/4-150x150.webp 150w, https:\/\/collecta.com.de\/wp-content\/uploads\/2026\/03\/4-768x768.webp 768w\" sizes=\"100vw\" \/>\t\t\t\t\t\t\t\t\t\t\t\t\t\t\t<\/div>\n\t\t\t\t<div class=\"elementor-element elementor-element-f0f6ddd elementor-widget elementor-widget-image\" data-id=\"f0f6ddd\" data-element_type=\"widget\" data-e-type=\"widget\" data-widget_type=\"image.default\">\n\t\t\t\t\t\t\t\t\t\t\t\t\t\t\t<img loading=\"lazy\" decoding=\"async\" width=\"525\" height=\"525\" src=\"https:\/\/collecta.com.de\/wp-content\/uploads\/2026\/03\/5.webp\" class=\"attachment-large size-large wp-image-112\" alt=\"\" srcset=\"https:\/\/collecta.com.de\/wp-content\/uploads\/2026\/03\/5.webp 1024w, https:\/\/collecta.com.de\/wp-content\/uploads\/2026\/03\/5-300x300.webp 300w, https:\/\/collecta.com.de\/wp-content\/uploads\/2026\/03\/5-150x150.webp 150w, https:\/\/collecta.com.de\/wp-content\/uploads\/2026\/03\/5-768x768.webp 768w\" sizes=\"100vw\" \/>\t\t\t\t\t\t\t\t\t\t\t\t\t\t\t<\/div>\n\t\t\t\t<div class=\"elementor-element elementor-element-c3bfffa elementor-widget elementor-widget-image\" data-id=\"c3bfffa\" data-element_type=\"widget\" data-e-type=\"widget\" data-widget_type=\"image.default\">\n\t\t\t\t\t\t\t\t\t\t\t\t\t\t\t<img loading=\"lazy\" decoding=\"async\" width=\"525\" height=\"525\" src=\"https:\/\/collecta.com.de\/wp-content\/uploads\/2026\/03\/7.webp\" class=\"attachment-large size-large wp-image-117\" alt=\"\" srcset=\"https:\/\/collecta.com.de\/wp-content\/uploads\/2026\/03\/7.webp 1024w, https:\/\/collecta.com.de\/wp-content\/uploads\/2026\/03\/7-300x300.webp 300w, https:\/\/collecta.com.de\/wp-content\/uploads\/2026\/03\/7-150x150.webp 150w, https:\/\/collecta.com.de\/wp-content\/uploads\/2026\/03\/7-768x768.webp 768w\" sizes=\"100vw\" \/>\t\t\t\t\t\t\t\t\t\t\t\t\t\t\t<\/div>\n\t\t\t\t<\/div>\n\t\t\t\t\t<\/div>\n\t\t\t\t<\/div>\n\t\t\t\t<\/div>\n\t\t","protected":false},"excerpt":{"rendered":"<p>CollectA &#8211; Die Faszination handgefertigter Tierfiguren Heute ist CollectA eine der weltweit f\u00fchrenden Marken f\u00fcr Tierfiguren und erfreut sich in \u00fcber 40 L\u00e4ndern gro\u00dfer Beliebtheit. Das Sortiment umfasst mehr als 600 detailgenau gefertigte Tierfiguren-Modelle, die mit viel Liebe zum Detail von Hand bemalt werden. Diese au\u00dfergew\u00f6hnliche Handwerkskunst sorgt daf\u00fcr, dass jede Figur ein kleines Kunstwerk &hellip; <\/p>\n<p class=\"link-more\"><a href=\"https:\/\/collecta.com.de\/?page_id=767\" class=\"more-link\"><span class=\"screen-reader-text\">\u201eDie Marke CollectA\u201c <\/span>weiterlesen<\/a><\/p>\n","protected":false},"author":1,"featured_media":0,"parent":0,"menu_order":0,"comment_status":"closed","ping_status":"closed","template":"elementor_header_footer","meta":{"_angie_page":false,"footnotes":""},"class_list":["post-767","page","type-page","status-publish","hentry"],"_links":{"self":[{"href":"https:\/\/collecta.com.de\/index.php?rest_route=\/wp\/v2\/pages\/767","targetHints":{"allow":["GET"]}}],"collection":[{"href":"https:\/\/collecta.com.de\/index.php?rest_route=\/wp\/v2\/pages"}],"about":[{"href":"https:\/\/collecta.com.de\/index.php?rest_route=\/wp\/v2\/types\/page"}],"author":[{"embeddable":true,"href":"https:\/\/collecta.com.de\/index.php?rest_route=\/wp\/v2\/users\/1"}],"replies":[{"embeddable":true,"href":"https:\/\/collecta.com.de\/index.php?rest_route=%2Fwp%2Fv2%2Fcomments&post=767"}],"version-history":[{"count":4,"href":"https:\/\/collecta.com.de\/index.php?rest_route=\/wp\/v2\/pages\/767\/revisions"}],"predecessor-version":[{"id":771,"href":"https:\/\/collecta.com.de\/index.php?rest_route=\/wp\/v2\/pages\/767\/revisions\/771"}],"wp:attachment":[{"href":"https:\/\/collecta.com.de\/index.php?rest_route=%2Fwp%2Fv2%2Fmedia&parent=767"}],"curies":[{"name":"wp","href":"https:\/\/api.w.org\/{rel}","templated":true}]}}